{"id":3461,"date":"2015-08-14T06:44:20","date_gmt":"2015-08-14T06:44:20","guid":{"rendered":"http:\/\/www.dentalinfantil.es\/en\/?page_id=3461"},"modified":"2023-09-07T13:27:29","modified_gmt":"2023-09-07T11:27:29","slug":"tratamiento-preferido","status":"publish","type":"page","link":"https:\/\/www.dentalinfantil.es\/en\/especialidades\/tratamiento-preferido\/","title":{"rendered":"Tratamiento preferido"},"content":{"rendered":"<div   class='avia-fullscreen-slider main_color   avia-builder-el-0  el_before_av_section  avia-builder-el-first  container_wrap sidebar_right'  >\n<style type=\"text\/css\" data-created_by=\"avia_inline_auto\" id=\"style-css-av-16bw3s3-a71ea66dbd21ecf5383c40f3cbbaa4a3\">\n#top #wrap_all .avia-slideshow .av-slideshow-caption.av-16bw3s3-a71ea66dbd21ecf5383c40f3cbbaa4a3__0 .avia-caption-title{\ncolor:#8dbee5;\n}\n#top .avia-slideshow .av-slideshow-caption.av-16bw3s3-a71ea66dbd21ecf5383c40f3cbbaa4a3__0 .avia-caption-content{\ncolor:#8dbee5;\n}\n<\/style>\n<a href='#next-section' title='' class='scroll-down-link ' aria-hidden='true' data-av_icon='\ue877' data-av_iconfont='entypo-fontello'><\/a><div  class='avia-slideshow av-16bw3s3-a71ea66dbd21ecf5383c40f3cbbaa4a3 avia-slideshow-extra_large av_fullscreen avia-fade-slider av-slideshow-ui av-slideshow-autoplay av-loop-endless av-loop-manual-endless av-slider-scroll-down-active av-default-height-applied   avia-slideshow-1' data-slideshow-options=\"{&quot;animation&quot;:&quot;fade&quot;,&quot;autoplay&quot;:true,&quot;loop_autoplay&quot;:&quot;endless&quot;,&quot;interval&quot;:5,&quot;loop_manual&quot;:&quot;manual-endless&quot;,&quot;autoplay_stopper&quot;:false,&quot;noNavigation&quot;:false,&quot;bg_slider&quot;:true,&quot;keep_padding&quot;:false,&quot;hoverpause&quot;:false,&quot;show_slide_delay&quot;:0,&quot;slide_height&quot;:&quot;100&quot;,&quot;image_attachment&quot;:&quot;&quot;}\"  itemprop=\"image\" itemscope=\"itemscope\" itemtype=\"https:\/\/schema.org\/ImageObject\" ><ul class='avia-slideshow-inner ' style='padding-bottom: 66.666666666667%;'><li style='background-position:center center;' data-img-url='https:\/\/www.dentalinfantil.es\/wp-content\/uploads\/2018\/05\/pedroruiz-9097-1500x1000.jpg' class='avia-slideshow-slide av-16bw3s3-a71ea66dbd21ecf5383c40f3cbbaa4a3__0  av-single-slide slide-1 slide-odd'><div data-rel='slideshow-1' class='avia-slide-wrap '   ><\/div><\/li><\/ul><div class='av-slideshow-caption av-16bw3s3-a71ea66dbd21ecf5383c40f3cbbaa4a3__0 caption_fullwidth caption_left caption_left_framed caption_framed'><div class=\"container caption_container\"><div class=\"slideshow_caption\"><div class=\"slideshow_inner_caption\"><div class=\"slideshow_align_caption\"><h2 class='avia-caption-title '  itemprop=\"name\" >Tratamiento Preferido - Cl\u00ednica dental infantil Navarro Soto, Murcia<\/h2><div class='avia-caption-content av_inherit_color'  itemprop=\"description\" ><p>Desde 1994, en la Cl\u00ednica Dental Infantil Navarro Soto trabajamos para conseguir que nuestros pacientes tengan la mejor de las sonrisas.<\/p>\n<\/div><a href='#citaprevia'  class='avia-slideshow-button avia-button avia-color-theme-color avia-multi-slideshow-button' data-duration='800' data-easing='easeInOutQuad'>Solicitar cita<\/a><a href='https:\/\/www.facebook.com\/ClinicaDentalInfantilNavarroSoto\/'  class='avia-slideshow-button avia-button avia-color-silver avia-multi-slideshow-button avia-slideshow-button-2' data-duration='800' data-easing='easeInOutQuad'>S\u00edguenos en Facebook<\/a><\/div><\/div><\/div><\/div><\/div><\/div><\/div>\n<div id='av_section_1'  class='avia-section av-12ulfir-10ee426feb5dda57679e2aa461bc5d15 main_color avia-section-default avia-no-border-styling  avia-builder-el-1  el_after_av_fullscreen  el_before_av_section  avia-bg-style-scroll container_wrap sidebar_right'  ><div class='container av-section-cont-open' ><div class='template-page content  av-content-small alpha units'><div class='post-entry post-entry-type-page post-entry-3461'><div class='entry-content-wrapper clearfix'>\n\n<style type=\"text\/css\" data-created_by=\"avia_inline_auto\" id=\"style-css-av-11fxfxv-fd2eb4a753c6e33dd8ca6a0a9d93280b\">\n#top .av-special-heading.av-11fxfxv-fd2eb4a753c6e33dd8ca6a0a9d93280b{\npadding-bottom:20px;\n}\nbody .av-special-heading.av-11fxfxv-fd2eb4a753c6e33dd8ca6a0a9d93280b .av-special-heading-tag .heading-char{\nfont-size:25px;\n}\n.av-special-heading.av-11fxfxv-fd2eb4a753c6e33dd8ca6a0a9d93280b .av-subheading{\nfont-size:15px;\n}\n<\/style>\n<div  class='av-special-heading av-11fxfxv-fd2eb4a753c6e33dd8ca6a0a9d93280b av-special-heading-h1 blockquote modern-quote modern-centered  avia-builder-el-2  el_before_av_one_full  avia-builder-el-first '><h1 class='av-special-heading-tag'  itemprop=\"headline\"  >Tratamiento Preferido &#8211; Cl\u00ednica Dental Infantil Navarro Soto, Murcia<\/h1><div class='av-subheading av-subheading_below'><p>20 a\u00f1os moldeando sonrisas<\/p>\n<\/div><div class=\"special-heading-border\"><div class=\"special-heading-inner-border\"><\/div><\/div><\/div>\n\n<style type=\"text\/css\" data-created_by=\"avia_inline_auto\" id=\"style-css-av-zif32b-dd1663a5d00edec2e40d62a2b1f632f9\">\n.flex_column.av-zif32b-dd1663a5d00edec2e40d62a2b1f632f9{\nborder-radius:0px 0px 0px 0px;\npadding:0px 0px 0px 0px;\n}\n<\/style>\n<div  class='flex_column av-zif32b-dd1663a5d00edec2e40d62a2b1f632f9 av_two_fifth first flex_column_div av-zero-column-padding  '     ><\/div>\n<style type=\"text\/css\" data-created_by=\"avia_inline_auto\" id=\"style-css-av-yaxdbn-239c38969e39723dded6e408d0f33115\">\n.flex_column.av-yaxdbn-239c38969e39723dded6e408d0f33115{\nborder-radius:0px 0px 0px 0px;\npadding:0px 0px 0px 0px;\n}\n<\/style>\n<div  class='flex_column av-yaxdbn-239c38969e39723dded6e408d0f33115 av_one_third flex_column_div av-zero-column-padding  '     ><\/div>\n<style type=\"text\/css\" data-created_by=\"avia_inline_auto\" id=\"style-css-av-v274gj-fce9ef04483c9c8fa1cff2355874bdc0\">\n.flex_column.av-v274gj-fce9ef04483c9c8fa1cff2355874bdc0{\nborder-radius:0px 0px 0px 0px;\npadding:0px 0px 0px 0px;\n}\n<\/style>\n<div  class='flex_column av-v274gj-fce9ef04483c9c8fa1cff2355874bdc0 av_one_fourth flex_column_div av-zero-column-padding  '     ><\/div>\n<style type=\"text\/css\" data-created_by=\"avia_inline_auto\" id=\"style-css-av-sv4z1f-f2b100b605ed4d222e03e4ae04fbc393\">\n.flex_column.av-sv4z1f-f2b100b605ed4d222e03e4ae04fbc393{\nborder-radius:0px 0px 0px 0px;\npadding:0px 0px 0px 0px;\n}\n<\/style>\n<div  class='flex_column av-sv4z1f-f2b100b605ed4d222e03e4ae04fbc393 av_one_full  avia-builder-el-3  el_after_av_heading  avia-builder-el-last  first flex_column_div av-zero-column-padding  '     ><section  class='av_textblock_section av-r2tq9v-245b0d7206d138b59d7bfd91a5b6e6f9 '   itemscope=\"itemscope\" itemtype=\"https:\/\/schema.org\/CreativeWork\" ><div class='avia_textblock'  itemprop=\"text\" ><p style=\"text-align: justify;\">A lo largo de muchos a\u00f1os de experiencia cl\u00ednica, hemos desarrollado una terapia de tratamiento que posibilita realizar un tratamiento bucodental <strong>seguro y fiable<\/strong> en aquellos pacientes que son incapaces de prestar colaboraci\u00f3n convencional en el dentista pedi\u00e1trico. En este caso, el paciente tiene la obligatoriedad de venir a la consulta en ayunas y en una sesi\u00f3n, casi siempre, o dos a lo sumo, se le realiza el tratamiento requerido bajo los efectos de una <strong>sedaci\u00f3n<\/strong> consciente o inconsciente y con la colaboraci\u00f3n de un anestesia cualificado para el tratamiento en ni\u00f1os y adolescentes.<\/p>\n<p style=\"text-align: justify;\">Obviamente, el paciente experimenta una sesi\u00f3n relativamente agradable ya que no ha percibido dolor alguno y tras un breve periodo de tiempo, se le da el alta y una vez ha logrado recuperarse totalmente de los efectos sedantes. Los pacientes que reciben este tipo de tratamiento consideran que han solucionado sus problemas bucodentales en <strong>una sola<\/strong> visita y en un porcentaje muy elevado no requieren de una segunda intervenci\u00f3n.<\/p>\n<p style=\"text-align: justify;\">A ra\u00edz de esta intervenci\u00f3n la mayor\u00eda de los pacientes experimenta un cambio en sus cuidados bucodentales y en sus revisiones peri\u00f3dicas con lo que consiguen una disminuci\u00f3n muy significativa de los niveles de placa bacteriana. S\u00f3lo en los casos de <strong>caries dental severa<\/strong> y en ni\u00f1os de edades muy tempranas, y ya pasados varios a\u00f1os, pueden requerir de una segunda intervenci\u00f3n, pero como consecuencia de la elevada actividad cariog\u00e9nica o del fracaso de los tratamientos preventivos o las medidas diet\u00e9ticas.<\/p>\n<p style=\"text-align: justify;\">Tras muchos a\u00f1os de experiencia y miles de pacientes tratados con \u00e9xito, hemos logrado conseguir la combinaci\u00f3n perfecta entre t\u00e9cnica, materiales dentales, anest\u00e9sicos locales y sedantes y desarrollar un tratamiento, que para muchos,\u00a0es uno de los mejores en esta especialidad en Espa\u00f1a.<\/p>\n<\/div><\/section><\/div>\n\n<\/div><\/div><\/div><!-- close content main div --><\/div><\/div>\n<style type=\"text\/css\" data-created_by=\"avia_inline_auto\" id=\"style-css-av-plwalf-19a01f6907c3f59e2c5c7f489565e6c9\">\n.avia-section.av-plwalf-19a01f6907c3f59e2c5c7f489565e6c9 .av-parallax .av-parallax-inner{\nbackground-repeat:no-repeat;\nbackground-image:url(https:\/\/www.dentalinfantil.es\/wp-content\/uploads\/2023\/09\/Odontopediatras-en-Murcia-3.webp);\nbackground-position:50% 50%;\nbackground-attachment:scroll;\n}\n<\/style>\n<div id='av_section_2'  class='avia-section av-plwalf-19a01f6907c3f59e2c5c7f489565e6c9 main_color avia-section-huge avia-no-border-styling  avia-builder-el-5  el_after_av_section  el_before_av_section  av-parallax-section avia-bg-style-parallax container_wrap sidebar_right'  data-section-bg-repeat='no-repeat'><div class='av-parallax' data-avia-parallax-ratio='0.3' ><div class='av-parallax-inner main_color avia-full-stretch'><\/div><\/div><div class='container av-section-cont-open' ><div class='template-page content  av-content-small alpha units'><div class='post-entry post-entry-type-page post-entry-3461'><div class='entry-content-wrapper clearfix'>\n\n<style type=\"text\/css\" data-created_by=\"avia_inline_auto\" id=\"style-css-av-oh13mr-7617b370af7be0867a5c6e528194b9d0\">\n#top .av-special-heading.av-oh13mr-7617b370af7be0867a5c6e528194b9d0{\npadding-bottom:10px;\ncolor:#ffffff;\n}\nbody .av-special-heading.av-oh13mr-7617b370af7be0867a5c6e528194b9d0 .av-special-heading-tag .heading-char{\nfont-size:25px;\n}\n.av-special-heading.av-oh13mr-7617b370af7be0867a5c6e528194b9d0 .special-heading-inner-border{\nborder-color:#ffffff;\n}\n.av-special-heading.av-oh13mr-7617b370af7be0867a5c6e528194b9d0 .av-subheading{\nfont-size:15px;\n}\n<\/style>\n<div  class='av-special-heading av-oh13mr-7617b370af7be0867a5c6e528194b9d0 av-special-heading-h1 custom-color-heading blockquote modern-quote modern-centered  avia-builder-el-6  avia-builder-el-no-sibling '><h1 class='av-special-heading-tag'  itemprop=\"headline\"  >Odontopediatras en Murcia<\/h1><div class='av_custom_color av-subheading av-subheading_below'><p>Solicite su cita previa<\/p>\n<\/div><div class=\"special-heading-border\"><div class=\"special-heading-inner-border\"><\/div><\/div><\/div>\n\n<\/div><\/div><\/div><!-- close content main div --><\/div><\/div><div id='citaprevia'  class='avia-section av-mbvjcj-1a81e41cfa4c217048a551dca0a111ea main_color avia-section-default avia-no-border-styling  avia-builder-el-7  el_after_av_section  avia-builder-el-last  avia-bg-style-scroll container_wrap sidebar_right'  ><div class='container av-section-cont-open' ><div class='template-page content  av-content-small alpha units'><div class='post-entry post-entry-type-page post-entry-3461'><div class='entry-content-wrapper clearfix'>\n\n<style type=\"text\/css\" data-created_by=\"avia_inline_auto\" id=\"style-css-av-kn5r2r-4b5ce0aefab5b25d4ed6a7dbbf4d2ea3\">\n.flex_column.av-kn5r2r-4b5ce0aefab5b25d4ed6a7dbbf4d2ea3{\nborder-radius:0px 0px 0px 0px;\npadding:0px 0px 0px 0px;\n}\n<\/style>\n<div  class='flex_column av-kn5r2r-4b5ce0aefab5b25d4ed6a7dbbf4d2ea3 av_one_half  avia-builder-el-8  el_before_av_one_half  avia-builder-el-first  first flex_column_div av-zero-column-padding  '     ><p>\n<style type=\"text\/css\" data-created_by=\"avia_inline_auto\" id=\"style-css-av-izb9cj-114887200c09adc876f2c4243e3fcb5e\">\n#top .av-special-heading.av-izb9cj-114887200c09adc876f2c4243e3fcb5e{\npadding-bottom:10px;\n}\nbody .av-special-heading.av-izb9cj-114887200c09adc876f2c4243e3fcb5e .av-special-heading-tag .heading-char{\nfont-size:25px;\n}\n.av-special-heading.av-izb9cj-114887200c09adc876f2c4243e3fcb5e .av-subheading{\nfont-size:15px;\n}\n<\/style>\n<div  class='av-special-heading av-izb9cj-114887200c09adc876f2c4243e3fcb5e av-special-heading-h2 blockquote modern-quote  avia-builder-el-9  el_before_av_textblock  avia-builder-el-first '><h2 class='av-special-heading-tag'  itemprop=\"headline\"  >Solicite su cita previa<\/h2><div class='av-subheading av-subheading_below'><p>Rellene el siguiente formulario para solicitar su cita previa<\/p>\n<\/div><div class=\"special-heading-border\"><div class=\"special-heading-inner-border\"><\/div><\/div><\/div><br \/>\n<section  class='av_textblock_section av-gqydtv-7d99a08c649962498f23a8f8500214b2 '   itemscope=\"itemscope\" itemtype=\"https:\/\/schema.org\/CreativeWork\" ><div class='avia_textblock'  itemprop=\"text\" ><p>Puede llevar a cabo su cita previa, rellenando el siguiente formulario, llamado al tel\u00e9fono\u00a0<a class=\"widget-pane-link\" href=\"http:\/\/info@dentalinfantil.es\" data-href=\"tel:+34968201926\">+34968201926<\/a> o envi\u00e1ndonos un email a <a class=\"widget-pane-link\" href=\"http:\/\/info@dentalinfantil.es\" data-href=\"tel:+34968201926\">info@dentalinfantil.es\u00a0<\/a><\/p>\n<\/div><\/section><br \/>\n<form action=\"https:\/\/www.dentalinfantil.es\/en\/especialidades\/tratamiento-preferido\/\" method=\"post\" data-fields-with-error=\"Found errors in the following field(s):\" class=\"avia_ajax_form av-form-labels-visible   avia-builder-el-11  el_after_av_textblock  avia-builder-el-last   \" data-avia-form-id=\"1\" data-avia-redirect='' ><fieldset><p class='  first_form  form_element form_fullwidth' id='element_avia_1_1'><label for=\"avia_1_1\">Nombre <abbr class=\"required\" title=\"required\">*<\/abbr><\/label> <input name=\"avia_1_1\" class=\"text_input is_empty\" type=\"text\" id=\"avia_1_1\" value=\"\" \/><\/p><p class='  first_form  form_element form_element_third' id='element_avia_2_1'><label for=\"avia_2_1\">Tel\u00e9fono <abbr class=\"required\" title=\"required\">*<\/abbr><\/label> <input name=\"avia_2_1\" class=\"text_input is_empty\" type=\"text\" id=\"avia_2_1\" value=\"\" \/><\/p><p class='  form_element form_element_two_third' id='element_avia_3_1'><label for=\"avia_3_1\">E-Mail<\/label> <input name=\"avia_3_1\" class=\"text_input \" type=\"text\" id=\"avia_3_1\" value=\"\" \/><\/p><p class='  first_form  form_element form_fullwidth av-last-visible-form-element' id='element_avia_4_1'><label for=\"avia_4_1\" class=\"textare_label hidden textare_label_avia_4_1\">Escr\u00edbanos sobre sus preferencias <abbr class=\"required\" title=\"required\">*<\/abbr><\/label><textarea  name=\"avia_4_1\" class=\"text_area is_empty\" cols=\"40\" rows=\"7\" id=\"avia_4_1\" ><\/textarea><\/p><p class=\"hidden\"><input type=\"text\" name=\"avia_5_1\" class=\"hidden \" id=\"avia_5_1\" value=\"\" \/><\/p><p class=\"form_element \"><input type=\"hidden\" value=\"1\" name=\"avia_generated_form1\" \/><input type=\"submit\" value=\"Enviar\" class=\"button\"  data-sending-label=\"Sending\"\/><\/p><\/fieldset><\/form><div id=\"ajaxresponse_1\" class=\"ajaxresponse ajaxresponse_1 hidden\"><\/div><\/p><\/div>\n<style type=\"text\/css\" data-created_by=\"avia_inline_auto\" id=\"style-css-av-7q2s5v-1aea4aa42040798248a684312e3e228d\">\n.flex_column.av-7q2s5v-1aea4aa42040798248a684312e3e228d{\nborder-radius:0px 0px 0px 0px;\npadding:0px 0px 0px 0px;\n}\n<\/style>\n<div  class='flex_column av-7q2s5v-1aea4aa42040798248a684312e3e228d av_one_half  avia-builder-el-12  el_after_av_one_half  avia-builder-el-last  flex_column_div av-zero-column-padding  '     ><p>\n<style type=\"text\/css\" data-created_by=\"avia_inline_auto\" id=\"style-css-av-6f13xv-e09c5fb326aea1be6bd51fdc492cc96d\">\n#top .av-special-heading.av-6f13xv-e09c5fb326aea1be6bd51fdc492cc96d{\npadding-bottom:10px;\n}\nbody .av-special-heading.av-6f13xv-e09c5fb326aea1be6bd51fdc492cc96d .av-special-heading-tag .heading-char{\nfont-size:25px;\n}\n.av-special-heading.av-6f13xv-e09c5fb326aea1be6bd51fdc492cc96d .av-subheading{\nfont-size:15px;\n}\n<\/style>\n<div  class='av-special-heading av-6f13xv-e09c5fb326aea1be6bd51fdc492cc96d av-special-heading-h2 blockquote modern-quote  avia-builder-el-13  el_before_av_textblock  avia-builder-el-first '><h2 class='av-special-heading-tag'  itemprop=\"headline\"  >C\u00f3mo llegar a la cl\u00ednica dental<\/h2><div class=\"special-heading-border\"><div class=\"special-heading-inner-border\"><\/div><\/div><\/div><br \/>\n<section  class='av_textblock_section av-4up2oj-8e18034b7ed01b88d5da4e5d0fd5f883 '   itemscope=\"itemscope\" itemtype=\"https:\/\/schema.org\/CreativeWork\" ><div class='avia_textblock'  itemprop=\"text\" ><p>La Cl\u00ednica dental Infantil Navarro Soto se encuentra ubicada junto a Carrefour y\u00a0la parada del tranv\u00eda en direcci\u00f3n a Molina del Segura.<br \/>\nAv. de\u00a0Juan Carlos I, \u00a033,\u00a030009, Murcia<\/p>\n<\/div><\/section><br \/>\n<\/p><\/div>\n<\/div><\/div><\/div><!-- close content main div --><\/div><\/div><div id='after_section_3'  class='main_color av_default_container_wrap container_wrap sidebar_right'  ><div class='container av-section-cont-open' ><div class='template-page content  av-content-small alpha units'><div class='post-entry post-entry-type-page post-entry-3461'><div class='entry-content-wrapper clearfix'>\n","protected":false},"excerpt":{"rendered":"","protected":false},"author":5,"featured_media":0,"parent":3478,"menu_order":0,"comment_status":"closed","ping_status":"closed","template":"","meta":{"_joinchat":[],"footnotes":""},"class_list":["post-3461","page","type-page","status-publish","hentry"],"_links":{"self":[{"href":"https:\/\/www.dentalinfantil.es\/en\/wp-json\/wp\/v2\/pages\/3461"}],"collection":[{"href":"https:\/\/www.dentalinfantil.es\/en\/wp-json\/wp\/v2\/pages"}],"about":[{"href":"https:\/\/www.dentalinfantil.es\/en\/wp-json\/wp\/v2\/types\/page"}],"author":[{"embeddable":true,"href":"https:\/\/www.dentalinfantil.es\/en\/wp-json\/wp\/v2\/users\/5"}],"replies":[{"embeddable":true,"href":"https:\/\/www.dentalinfantil.es\/en\/wp-json\/wp\/v2\/comments?post=3461"}],"version-history":[{"count":13,"href":"https:\/\/www.dentalinfantil.es\/en\/wp-json\/wp\/v2\/pages\/3461\/revisions"}],"predecessor-version":[{"id":6309,"href":"https:\/\/www.dentalinfantil.es\/en\/wp-json\/wp\/v2\/pages\/3461\/revisions\/6309"}],"up":[{"embeddable":true,"href":"https:\/\/www.dentalinfantil.es\/en\/wp-json\/wp\/v2\/pages\/3478"}],"wp:attachment":[{"href":"https:\/\/www.dentalinfantil.es\/en\/wp-json\/wp\/v2\/media?parent=3461"}],"curies":[{"name":"wp","href":"https:\/\/api.w.org\/{rel}","templated":true}]}}