{"id":3422,"date":"2013-01-17T17:20:34","date_gmt":"2013-01-17T17:20:34","guid":{"rendered":"http:\/\/www.dentalinfantil.es\/en\/?page_id=3422"},"modified":"2023-09-07T12:47:58","modified_gmt":"2023-09-07T10:47:58","slug":"clinica-infantil","status":"publish","type":"page","link":"https:\/\/www.dentalinfantil.es\/en\/clinica-infantil\/","title":{"rendered":"Cl\u00ednica"},"content":{"rendered":"<div   class='avia-fullscreen-slider main_color   avia-builder-el-0  el_before_av_section  avia-builder-el-first  container_wrap sidebar_right'  >\n<style type=\"text\/css\" data-created_by=\"avia_inline_auto\" id=\"style-css-av-410wu8-b558902bd1ddb01fc8358d4b7528a3b3\">\n#top #wrap_all .avia-slideshow .av-slideshow-caption.av-410wu8-b558902bd1ddb01fc8358d4b7528a3b3__0 .avia-caption-title{\ncolor:#8dbee5;\n}\n#top .avia-slideshow .av-slideshow-caption.av-410wu8-b558902bd1ddb01fc8358d4b7528a3b3__0 .avia-caption-content{\ncolor:#8dbee5;\n}\n<\/style>\n<a href='#next-section' title='' class='scroll-down-link av-control-default' aria-hidden='true' data-av_icon='\ue877' data-av_iconfont='entypo-fontello'><\/a><div  class='avia-slideshow av-410wu8-b558902bd1ddb01fc8358d4b7528a3b3 avia-slideshow-extra_large av_fullscreen avia-fade-slider av-slideshow-ui av-control-default av-slideshow-autoplay av-loop-endless av-loop-manual-endless av-slider-scroll-down-active av-default-height-applied   avia-slideshow-1' data-slideshow-options=\"{&quot;animation&quot;:&quot;fade&quot;,&quot;autoplay&quot;:true,&quot;loop_autoplay&quot;:&quot;endless&quot;,&quot;interval&quot;:5,&quot;loop_manual&quot;:&quot;manual-endless&quot;,&quot;autoplay_stopper&quot;:false,&quot;noNavigation&quot;:false,&quot;bg_slider&quot;:true,&quot;keep_padding&quot;:false,&quot;hoverpause&quot;:false,&quot;show_slide_delay&quot;:0,&quot;slide_height&quot;:&quot;100&quot;,&quot;image_attachment&quot;:&quot;&quot;}\"  itemprop=\"image\" itemscope=\"itemscope\" itemtype=\"https:\/\/schema.org\/ImageObject\" ><ul class='avia-slideshow-inner ' style='padding-bottom: 66.533333333333%;'><li style='background-position:center center;' data-img-url='https:\/\/www.dentalinfantil.es\/wp-content\/uploads\/2023\/09\/Fachada-de-la-Clinica-1500x998.webp' class='avia-slideshow-slide av-410wu8-b558902bd1ddb01fc8358d4b7528a3b3__0  slide-1 slide-odd'><div data-rel='slideshow-1' class='avia-slide-wrap '   ><\/div><\/li><li style='background-position:center center;' data-img-url='https:\/\/www.dentalinfantil.es\/wp-content\/uploads\/2018\/05\/pedroruiz-9178-1500x867.jpg' class='avia-slideshow-slide av-410wu8-b558902bd1ddb01fc8358d4b7528a3b3__1  slide-2 slide-even'><div data-rel='slideshow-1' class='avia-slide-wrap '   ><\/div><\/li><li style='background-position:center center;' data-img-url='https:\/\/www.dentalinfantil.es\/wp-content\/uploads\/2023\/09\/Tratando-a-un-paciente--1500x998.webp' class='avia-slideshow-slide av-410wu8-b558902bd1ddb01fc8358d4b7528a3b3__2  slide-3 slide-odd'><div data-rel='slideshow-1' class='avia-slide-wrap '   ><\/div><\/li><\/ul><div class='avia-slideshow-arrows avia-slideshow-controls' ><a href='#prev' class='prev-slide ' aria-hidden='true' data-av_icon='\ue87c' data-av_iconfont='entypo-fontello'  tabindex='-1'>Previous<\/a><a href='#next' class='next-slide ' aria-hidden='true' data-av_icon='\ue87d' data-av_iconfont='entypo-fontello'  tabindex='-1'>Next<\/a><\/div><div class='avia-slideshow-dots avia-slideshow-controls'><a href='#1' class='goto-slide active' >1<\/a><a href='#2' class='goto-slide ' >2<\/a><a href='#3' class='goto-slide ' >3<\/a><\/div><div class='av-slideshow-caption av-410wu8-b558902bd1ddb01fc8358d4b7528a3b3__0 caption_fullwidth caption_left caption_left_framed caption_framed'><div class=\"container caption_container\"><div class=\"slideshow_caption\"><div class=\"slideshow_inner_caption\"><div class=\"slideshow_align_caption\"><h2 class='avia-caption-title '  itemprop=\"name\" >La cl\u00ednica dental infantil de la Regi\u00f3n de Murcia<\/h2><div class='avia-caption-content av_inherit_color'  itemprop=\"description\" ><p>Desde 1994, en la Cl\u00ednica Dental Infantil Navarro Soto trabajamos para conseguir que nuestros pacientes tengan la mejor de las sonrisas.<\/p>\n<\/div><a href=''  class='avia-slideshow-button avia-button avia-color-theme-color avia-multi-slideshow-button' data-duration='800' data-easing='easeInOutQuad'>Solicitar cita<\/a><a href='https:\/\/www.facebook.com\/ClinicaDentalInfantilNavarroSoto\/'  class='avia-slideshow-button avia-button avia-color-dark avia-multi-slideshow-button avia-slideshow-button-2' data-duration='800' data-easing='easeInOutQuad'>S\u00edguenos en Facebook<\/a><\/div><\/div><\/div><\/div><\/div><\/div><\/div>\n<div id='av_section_1'  class='avia-section av-36fdqw-b9cdc229ec3df5359af87d21bb72ddaa main_color avia-section-default avia-no-border-styling  avia-builder-el-1  el_after_av_fullscreen  el_before_av_section  avia-bg-style-scroll container_wrap sidebar_right'  ><div class='container av-section-cont-open' ><div class='template-page content  av-content-small alpha units'><div class='post-entry post-entry-type-page post-entry-3422'><div class='entry-content-wrapper clearfix'>\n\n<style type=\"text\/css\" data-created_by=\"avia_inline_auto\" id=\"style-css-av-32wqc0-ad9afd1d98b6abec46ac71db54b29b1e\">\n#top .av-special-heading.av-32wqc0-ad9afd1d98b6abec46ac71db54b29b1e{\npadding-bottom:10px;\ncolor:#ffffff;\n}\nbody .av-special-heading.av-32wqc0-ad9afd1d98b6abec46ac71db54b29b1e .av-special-heading-tag .heading-char{\nfont-size:25px;\n}\n.av-special-heading.av-32wqc0-ad9afd1d98b6abec46ac71db54b29b1e .special-heading-inner-border{\nborder-color:#ffffff;\n}\n.av-special-heading.av-32wqc0-ad9afd1d98b6abec46ac71db54b29b1e .av-subheading{\nfont-size:15px;\n}\n<\/style>\n<div  class='av-special-heading av-32wqc0-ad9afd1d98b6abec46ac71db54b29b1e av-special-heading-h1 custom-color-heading blockquote modern-quote modern-centered  avia-builder-el-2  el_before_av_one_full  avia-builder-el-first '><h1 class='av-special-heading-tag'  itemprop=\"headline\"  >La Cl\u00ednica Dental Infantil Navarro Soto (Murcia)<\/h1><div class='av_custom_color av-subheading av-subheading_below'><p>20 a\u00f1os moldeando sonrisas<\/p>\n<\/div><div class=\"special-heading-border\"><div class=\"special-heading-inner-border\"><\/div><\/div><\/div>\n\n<style type=\"text\/css\" data-created_by=\"avia_inline_auto\" id=\"style-css-av-2y23ao-e0cc7ae3a5d4e904fbc099b059335a15\">\n.flex_column.av-2y23ao-e0cc7ae3a5d4e904fbc099b059335a15{\nborder-radius:0px 0px 0px 0px;\npadding:0px 0px 0px 0px;\n}\n<\/style>\n<div  class='flex_column av-2y23ao-e0cc7ae3a5d4e904fbc099b059335a15 av_one_full  avia-builder-el-3  el_after_av_heading  avia-builder-el-last  first flex_column_div av-zero-column-padding  '     ><section  class='av_textblock_section av-2t67i8-e0be1f7ae5b2f42eae8eac7bf60408c0 '   itemscope=\"itemscope\" itemtype=\"https:\/\/schema.org\/CreativeWork\" ><div class='avia_textblock'  itemprop=\"text\" ><p>Desde 1994 somos la&nbsp;<strong>\u00fanica cl\u00ednica dental<\/strong>&nbsp;en la Regi\u00f3n de Murcia dedicada al tratamiento bucodental de ni\u00f1os y adolescentes y el centro de referencia de cientos de&nbsp;<strong>pediatras y dentistas<\/strong>&nbsp;o centros de salud de nuestra regi\u00f3n y nuestras provincias lim\u00edtrofes.<\/p>\n<p>Durante estos a\u00f1os&nbsp;hemos tratado los&nbsp;<strong>casos m\u00e1s complejos<\/strong>&nbsp;de la especialidad tanto de ni\u00f1os en edades tempranas como los de casos de minusval\u00edas complejas, por lo que para muchos somos la consulta infantil con mayores garant\u00edas.<\/p>\n<p>Somos una cl\u00ednica dental&nbsp;cuyos pacientes de ortodoncia siempre ha recibido unas&nbsp;<strong>fotograf\u00edas<\/strong>&nbsp;con el&nbsp;<strong>antes<\/strong>&nbsp;y el&nbsp;<strong>despu\u00e9s<\/strong>&nbsp;de la evoluci\u00f3n de su caso y hemos mantenido esta pr\u00e1ctica desde el primer caso tratado hasta el \u00faltimo.<\/p>\n<p>Hemos tenido la ocasi\u00f3n de tratar m\u00faltiples casos de pacientes con&nbsp;<strong>par\u00e1lisis cerebral<\/strong>, s\u00edndrome de&nbsp;<strong>Down<\/strong>,&nbsp;<strong>autismo<\/strong>,&nbsp;<strong>hemofilia<\/strong>, pacientes con&nbsp;<strong>patolog\u00eda card\u00edaca<\/strong>, con angiomas faciales o m\u00faltiples casos de&nbsp;<strong>enfermedades raras<\/strong>&nbsp;como Pierre Robin, S\u00edndrome de Marfan, S\u00edndrome de Mobius, S\u00edndrome Cry du Chat, S\u00edndrome de Williams, atrofias musculares, S\u00edndrome Papillon Lefevre, etc. Incluso muchos de nuestros pacientes con minusval\u00edas complejas han sido portadores de terapia ortod\u00f3ncica, con la complejidad y colaboraci\u00f3n que ello engloba, lo cual ha contribuido a mejorar su autoestima y su est\u00e9tica de un modo decisivo.<\/p>\n<p>La posibilidades que nos da el contar con un&nbsp;<strong>equipo de doctores especializado<\/strong>&nbsp;dentro de un ambiente especialmente concebido para los ni\u00f1os y adolescentes, nos ha permitido desarrollar una pr\u00e1ctica en donde contamos con ni\u00f1os que r\u00e1pidamente adquieren la confianza en el dentista y es muy raro el o\u00edr el llanto de alguno de nuestros pacientes. Los t\u00edpicos pacientes que presentan ese miedo o p\u00e1nico al dentista van a cambiar radicalmente su actitud gracias a t\u00e9cnicas de manejo de la conducta e incluso en algunos casos a la&nbsp;<strong>sedaci\u00f3n consciente e inconsciente<\/strong>&nbsp;de los mismos.<\/p>\n<p>Nuestra alta experiencia nos ha permitido solucionar los problemas bucodentales de&nbsp;<strong>miles de pacientes<\/strong>&nbsp;a lo largo de los a\u00f1os sin haber cosechado experiencias adversas en&nbsp;<strong>ning\u00fan caso<\/strong>, lo cual genera una elevada confianza en las nuestras familias y referidos.<\/p>\n<p>Somos de las pocas consultas infantiles en Espa\u00f1a que trabaja siempre en operatoria dental con la t\u00e9cnica de dique de goma, lo cual nos permite lograr tratamientos est\u00e9ticos duraderos y sin patolog\u00eda dentaria posterior, adem\u00e1s, ponemos especial \u00e9nfasis en los tratamientos dentales duraderos ya que nos creemos que los ni\u00f1os deben tener la menor cantidad de citas posible en el dentista y se debe de aprovechar al m\u00e1ximo el&nbsp;<strong>tiempo&nbsp;<\/strong>y la<strong>&nbsp;econom\u00eda<\/strong>&nbsp;familiar.<\/p>\n<\/div><\/section><\/div>\n\n<\/div><\/div><\/div><!-- close content main div --><\/div><\/div>\n<style type=\"text\/css\" data-created_by=\"avia_inline_auto\" id=\"style-css-av-2ibcio-3e317b37f1f6983779a90d0775336cfa\">\n.avia-section.av-2ibcio-3e317b37f1f6983779a90d0775336cfa .av-parallax .av-parallax-inner{\nbackground-repeat:no-repeat;\nbackground-image:url(https:\/\/www.dentalinfantil.es\/wp-content\/uploads\/2023\/09\/Ortodontopediatras.webp);\nbackground-position:50% 50%;\nbackground-attachment:scroll;\n}\n<\/style>\n<div id='av_section_2'  class='avia-section av-2ibcio-3e317b37f1f6983779a90d0775336cfa main_color avia-section-huge avia-no-border-styling  avia-builder-el-5  el_after_av_section  el_before_av_section  av-parallax-section avia-bg-style-parallax container_wrap sidebar_right'  data-section-bg-repeat='no-repeat'><div class='av-parallax' data-avia-parallax-ratio='0.3' ><div class='av-parallax-inner main_color avia-full-stretch'><\/div><\/div><div class='container av-section-cont-open' ><div class='template-page content  av-content-small alpha units'><div class='post-entry post-entry-type-page post-entry-3422'><div class='entry-content-wrapper clearfix'>\n\n<style type=\"text\/css\" data-created_by=\"avia_inline_auto\" id=\"style-css-av-2bynhs-80ea0901d3be1c1acfb4070df470bfbc\">\n#top .av-special-heading.av-2bynhs-80ea0901d3be1c1acfb4070df470bfbc{\npadding-bottom:10px;\ncolor:#ffffff;\n}\nbody .av-special-heading.av-2bynhs-80ea0901d3be1c1acfb4070df470bfbc .av-special-heading-tag .heading-char{\nfont-size:25px;\n}\n.av-special-heading.av-2bynhs-80ea0901d3be1c1acfb4070df470bfbc .special-heading-inner-border{\nborder-color:#ffffff;\n}\n.av-special-heading.av-2bynhs-80ea0901d3be1c1acfb4070df470bfbc .av-subheading{\nfont-size:15px;\n}\n<\/style>\n<div  class='av-special-heading av-2bynhs-80ea0901d3be1c1acfb4070df470bfbc av-special-heading-h1 custom-color-heading blockquote modern-quote modern-centered  avia-builder-el-6  avia-builder-el-no-sibling '><h1 class='av-special-heading-tag'  itemprop=\"headline\"  >Odontopediatras en Murcia<\/h1><div class='av_custom_color av-subheading av-subheading_below'><p>Solicite su cita previa<\/p>\n<\/div><div class=\"special-heading-border\"><div class=\"special-heading-inner-border\"><\/div><\/div><\/div>\n\n<\/div><\/div><\/div><!-- close content main div --><\/div><\/div><div id='av_section_3'  class='avia-section av-87ghc-a72a29a191482421db7bf1ebec8b246a main_color avia-section-default avia-no-border-styling  avia-builder-el-7  el_after_av_section  avia-builder-el-last  avia-bg-style-scroll container_wrap sidebar_right'  ><div class='container av-section-cont-open' ><div class='template-page content  av-content-small alpha units'><div class='post-entry post-entry-type-page post-entry-3422'><div class='entry-content-wrapper clearfix'>\n\n<style type=\"text\/css\" data-created_by=\"avia_inline_auto\" id=\"style-css-av-225n5s-f496c2bc3b61c216e40417733f5528b6\">\n.flex_column.av-225n5s-f496c2bc3b61c216e40417733f5528b6{\nborder-radius:0px 0px 0px 0px;\npadding:0px 0px 0px 0px;\n}\n<\/style>\n<div  class='flex_column av-225n5s-f496c2bc3b61c216e40417733f5528b6 av_one_half  avia-builder-el-8  el_before_av_one_half  avia-builder-el-first  first flex_column_div av-zero-column-padding  '     ><style type=\"text\/css\" data-created_by=\"avia_inline_auto\" id=\"style-css-av-1x8gaw-b2cd54ecb88d866c5252ee8d2a66e24c\">\n#top .av-special-heading.av-1x8gaw-b2cd54ecb88d866c5252ee8d2a66e24c{\npadding-bottom:10px;\n}\nbody .av-special-heading.av-1x8gaw-b2cd54ecb88d866c5252ee8d2a66e24c .av-special-heading-tag .heading-char{\nfont-size:25px;\n}\n.av-special-heading.av-1x8gaw-b2cd54ecb88d866c5252ee8d2a66e24c .av-subheading{\nfont-size:15px;\n}\n<\/style>\n<div  class='av-special-heading av-1x8gaw-b2cd54ecb88d866c5252ee8d2a66e24c av-special-heading-h2 blockquote modern-quote  avia-builder-el-9  el_before_av_textblock  avia-builder-el-first '><h2 class='av-special-heading-tag'  itemprop=\"headline\"  >Solicite su cita previa<\/h2><div class='av-subheading av-subheading_below'><p>Rellene el siguiente formulario para solicitar su cita previa<\/p>\n<\/div><div class=\"special-heading-border\"><div class=\"special-heading-inner-border\"><\/div><\/div><\/div><br \/>\n<section  class='av_textblock_section av-1o5z7s-cf792b74b13e1e2508b06778a6462848 '   itemscope=\"itemscope\" itemtype=\"https:\/\/schema.org\/CreativeWork\" ><div class='avia_textblock'  itemprop=\"text\" ><p>Puede llevar a cabo su cita previa, rellenando el siguiente formulario, llamado al tel\u00e9fono&nbsp;<a class=\"widget-pane-link\" href=\"http:\/\/info@dentalinfantil.es\" data-href=\"tel:+34968201926\" data-mce-href=\"http:\/\/info@dentalinfantil.es\">+34968201926<\/a> o envi\u00e1ndonos un email a <a class=\"widget-pane-link\" href=\"http:\/\/info@dentalinfantil.es\" data-href=\"tel:+34968201926\" data-mce-href=\"http:\/\/info@dentalinfantil.es\">info@dentalinfantil.es&nbsp;<\/a><\/p>\n<\/div><\/section><br \/>\n<form action=\"https:\/\/www.dentalinfantil.es\/en\/clinica-infantil\/\" method=\"post\" data-fields-with-error=\"Found errors in the following field(s):\" class=\"avia_ajax_form av-form-labels-visible   avia-builder-el-11  el_after_av_textblock  avia-builder-el-last   \" data-avia-form-id=\"1\" data-avia-redirect='' ><fieldset><p class='  first_form  form_element form_fullwidth' id='element_avia_1_1'><label for=\"avia_1_1\">Nombre <abbr class=\"required\" title=\"required\">*<\/abbr><\/label> <input name=\"avia_1_1\" class=\"text_input is_empty\" type=\"text\" id=\"avia_1_1\" value=\"\" \/><\/p><p class='  first_form  form_element form_element_third' id='element_avia_2_1'><label for=\"avia_2_1\">Tel\u00e9fono <abbr class=\"required\" title=\"required\">*<\/abbr><\/label> <input name=\"avia_2_1\" class=\"text_input is_empty\" type=\"text\" id=\"avia_2_1\" value=\"\" \/><\/p><p class='  form_element form_element_two_third' id='element_avia_3_1'><label for=\"avia_3_1\">E-Mail<\/label> <input name=\"avia_3_1\" class=\"text_input \" type=\"text\" id=\"avia_3_1\" value=\"\" \/><\/p><p class='  first_form  form_element form_fullwidth av-last-visible-form-element' id='element_avia_4_1'><label for=\"avia_4_1\" class=\"textare_label hidden textare_label_avia_4_1\">Escr\u00edbanos sobre sus preferencias <abbr class=\"required\" title=\"required\">*<\/abbr><\/label><textarea  name=\"avia_4_1\" class=\"text_area is_empty\" cols=\"40\" rows=\"7\" id=\"avia_4_1\" ><\/textarea><\/p><p class=\"hidden\"><input type=\"text\" name=\"avia_5_1\" class=\"hidden \" id=\"avia_5_1\" value=\"\" \/><\/p><p class=\"form_element \"><input type=\"hidden\" value=\"1\" name=\"avia_generated_form1\" \/><input type=\"submit\" value=\"Enviar\" class=\"button\"  data-sending-label=\"Sending\"\/><\/p><\/fieldset><\/form><div id=\"ajaxresponse_1\" class=\"ajaxresponse ajaxresponse_1 hidden\"><\/div><\/p><\/div>\n<style type=\"text\/css\" data-created_by=\"avia_inline_auto\" id=\"style-css-av-2s3aw-9bfe88b03cc544715cffa81d2de487e9\">\n.flex_column.av-2s3aw-9bfe88b03cc544715cffa81d2de487e9{\nborder-radius:0px 0px 0px 0px;\npadding:0px 0px 0px 0px;\n}\n<\/style>\n<div  class='flex_column av-2s3aw-9bfe88b03cc544715cffa81d2de487e9 av_one_half  avia-builder-el-12  el_after_av_one_half  avia-builder-el-last  flex_column_div av-zero-column-padding  '     ><style type=\"text\/css\" data-created_by=\"avia_inline_auto\" id=\"style-css-av-ipac0-f407782fcfdf323a16e79baa376544ab\">\n#top .av-special-heading.av-ipac0-f407782fcfdf323a16e79baa376544ab{\npadding-bottom:10px;\n}\nbody .av-special-heading.av-ipac0-f407782fcfdf323a16e79baa376544ab .av-special-heading-tag .heading-char{\nfont-size:25px;\n}\n.av-special-heading.av-ipac0-f407782fcfdf323a16e79baa376544ab .av-subheading{\nfont-size:15px;\n}\n<\/style>\n<div  class='av-special-heading av-ipac0-f407782fcfdf323a16e79baa376544ab av-special-heading-h2 blockquote modern-quote  avia-builder-el-13  el_before_av_textblock  avia-builder-el-first '><h2 class='av-special-heading-tag'  itemprop=\"headline\"  >C\u00f3mo llegar a la cl\u00ednica dental<\/h2><div class=\"special-heading-border\"><div class=\"special-heading-inner-border\"><\/div><\/div><\/div><br \/>\n<section  class='av_textblock_section av-gddi0-f9e0dc9a6c6546346382575f9f323ce3 '   itemscope=\"itemscope\" itemtype=\"https:\/\/schema.org\/CreativeWork\" ><div class='avia_textblock'  itemprop=\"text\" ><p>La Cl\u00ednica dental Infantil Navarro Soto se encuentra ubicada junto a Carrefour y&nbsp;la parada del tranv\u00eda en direcci\u00f3n a Molina del Segura.<br \/>Av. de&nbsp;Juan Carlos I, &nbsp;33,&nbsp;30009, Murcia<\/p>\n<\/div><\/section><br \/>\n<\/p><\/div>\n<\/div><\/div><\/div><!-- close content main div --><\/div><\/div><div id='after_section_3'  class='main_color av_default_container_wrap container_wrap sidebar_right'  ><div class='container av-section-cont-open' ><div class='template-page content  av-content-small alpha units'><div class='post-entry post-entry-type-page post-entry-3422'><div class='entry-content-wrapper clearfix'>\n","protected":false},"excerpt":{"rendered":"","protected":false},"author":5,"featured_media":0,"parent":0,"menu_order":0,"comment_status":"closed","ping_status":"closed","template":"","meta":{"_joinchat":[],"footnotes":""},"class_list":["post-3422","page","type-page","status-publish","hentry"],"_links":{"self":[{"href":"https:\/\/www.dentalinfantil.es\/en\/wp-json\/wp\/v2\/pages\/3422"}],"collection":[{"href":"https:\/\/www.dentalinfantil.es\/en\/wp-json\/wp\/v2\/pages"}],"about":[{"href":"https:\/\/www.dentalinfantil.es\/en\/wp-json\/wp\/v2\/types\/page"}],"author":[{"embeddable":true,"href":"https:\/\/www.dentalinfantil.es\/en\/wp-json\/wp\/v2\/users\/5"}],"replies":[{"embeddable":true,"href":"https:\/\/www.dentalinfantil.es\/en\/wp-json\/wp\/v2\/comments?post=3422"}],"version-history":[{"count":6,"href":"https:\/\/www.dentalinfantil.es\/en\/wp-json\/wp\/v2\/pages\/3422\/revisions"}],"predecessor-version":[{"id":6270,"href":"https:\/\/www.dentalinfantil.es\/en\/wp-json\/wp\/v2\/pages\/3422\/revisions\/6270"}],"wp:attachment":[{"href":"https:\/\/www.dentalinfantil.es\/en\/wp-json\/wp\/v2\/media?parent=3422"}],"curies":[{"name":"wp","href":"https:\/\/api.w.org\/{rel}","templated":true}]}}